{"id":250,"date":"2015-10-06T10:54:59","date_gmt":"2015-10-06T08:54:59","guid":{"rendered":"http:\/\/www.wingmind.co\/?page_id=250"},"modified":"2024-12-16T07:59:42","modified_gmt":"2024-12-16T06:59:42","slug":"a-propos","status":"publish","type":"page","link":"https:\/\/www.wingmind.co\/fr\/a-propos\/","title":{"rendered":"A propos"},"content":{"rendered":"<div class=\"wpb-content-wrapper\"><p>[vc_row css=\u00a0\u00bb.vc_custom_1469797144543{padding-bottom: 70px !important;}\u00a0\u00bb][vc_column width=\u00a0\u00bb1\/2&Prime;]<div id=\"ultimate-heading-478269f1671e0994a\" class=\"uvc-heading ult-adjust-bottom-margin ultimate-heading-478269f1671e0994a uvc-5622 \" data-hspacer=\"no_spacer\"  data-halign=\"left\" style=\"text-align:left\"><div class=\"uvc-heading-spacer no_spacer\" style=\"top\"><\/div><div class=\"uvc-main-heading ult-responsive\"  data-ultimate-target='.uvc-heading.ultimate-heading-478269f1671e0994a h2'  data-responsive-json-new='{\"font-size\":\"desktop:26px;\",\"line-height\":\"\"}' ><h2 style=\"font-family:&#039;Poppins&#039;;font-weight:500;color:#333333;margin-bottom:20px;\">Notre soci\u00e9t\u00e9<\/h2><\/div><div class=\"uvc-sub-heading ult-responsive\"  data-ultimate-target='.uvc-heading.ultimate-heading-478269f1671e0994a .uvc-sub-heading '  data-responsive-json-new='{\"font-size\":\"desktop:18px;\",\"line-height\":\"desktop:34px;\"}'  style=\"font-family:&#039;Raleway&#039;;font-weight:normal;margin-bottom:50px;\">WINGMIND est une soci\u00e9t\u00e9 de conseil strat\u00e9gique dont la mission est d&rsquo;aider les investisseurs et les entreprises \u00e0 atteindre des r\u00e9sultats sup\u00e9rieurs et \u00e0 r\u00e9ussir durablement. Nous avons 2 activit\u00e9s compl\u00e9mentaires :<\/p>\n<p><a href=\"https:\/\/www.wingmind.co\/fr\/assessment\/\">WINGMIND ASSESSMENT<\/a> : Audits organisationnels &amp; assessments pour faciliter les prises de d\u00e9cisions des investisseurs et dirigeants<\/p>\n<p><a href=\"https:\/\/www.wingmind.co\/fr\/advisory\/\">WINGMIND ADVISORY<\/a> : Accompagnement des dirigeants et investisseurs pour mettre en oeuvre les changements et transformations n\u00e9cessaires \u00e0 la r\u00e9ussite de l&rsquo;entreprise<\/div><\/div>[vc_empty_space height=\u00a0\u00bb30px\u00a0\u00bb][\/vc_column][vc_column width=\u00a0\u00bb1\/2&Prime;][vc_progress_bar values=\u00a0\u00bb%5B%7B%22label%22%3A%22WINGMIND%20ASSESSMENT%20%7C%20HR%20Audits%20%26%20Assessments%22%2C%22value%22%3A%2290%22%2C%22color%22%3A%22turquoise%22%7D%2C%7B%22label%22%3A%22WINGMIND%20ADVISORY%7C%20C-Level%20Advisory%20%26%20Coaching%22%2C%22value%22%3A%2290%22%2C%22color%22%3A%22bar_orange%22%7D%5D\u00a0\u00bb css=\u00a0\u00bb.vc_custom_1734332361695{margin-bottom: 0px !important;}\u00a0\u00bb][vc_empty_space height=\u00a0\u00bb30px\u00a0\u00bb][\/vc_column][\/vc_row][vc_row css=\u00a0\u00bb.vc_custom_1469797144543{padding-bottom: 70px !important;}\u00a0\u00bb][vc_column width=\u00a0\u00bb1\/2&Prime;]<div id=\"ultimate-heading-743269f1671e099b3\" class=\"uvc-heading ult-adjust-bottom-margin ultimate-heading-743269f1671e099b3 uvc-8218 \" data-hspacer=\"no_spacer\"  data-halign=\"left\" style=\"text-align:left\"><div class=\"uvc-heading-spacer no_spacer\" style=\"top\"><\/div><div class=\"uvc-main-heading ult-responsive\"  data-ultimate-target='.uvc-heading.ultimate-heading-743269f1671e099b3 h2'  data-responsive-json-new='{\"font-size\":\"desktop:26px;\",\"line-height\":\"\"}' ><h2 style=\"font-family:&#039;Poppins&#039;;font-weight:500;color:#333333;margin-bottom:20px;\">Un organisme de formation certifi\u00e9<\/h2><\/div><div class=\"uvc-sub-heading ult-responsive\"  data-ultimate-target='.uvc-heading.ultimate-heading-743269f1671e099b3 .uvc-sub-heading '  data-responsive-json-new='{\"font-size\":\"desktop:18px;\",\"line-height\":\"desktop:34px;\"}'  style=\"font-family:&#039;Raleway&#039;;font-weight:normal;margin-bottom:50px;\"><strong>WINGMIND a obtenu la certification QUALIOPI le 13\/10\/2021. Cette certification qualit\u00e9 a \u00e9t\u00e9 d\u00e9livr\u00e9e au titre des cat\u00e9gories d\u2019actions suivantes : actions de formation.<\/strong><\/p>\n<p>La certification Qualiopi a pour objectif d\u2019attester de la qualit\u00e9 du processus mis en \u0153uvre par les prestataires d\u2019actions concourant au d\u00e9veloppement des comp\u00e9tences et de permettre une plus grande lisibilit\u00e9 de l\u2019offre de formation aupr\u00e8s des entreprises et des usagers.<\/p>\n<p>Le processus d\u2019attribution du label est rigoureux et norm\u00e9. Il permet d\u2019obtenir une\u00a0certification d\u00e9livr\u00e9e par des organismes certificateurs ind\u00e9pendants accr\u00e9dit\u00e9s par le Cofrac sur la base du r\u00e9f\u00e9rentiel national unique Qualiopi. Le r\u00e9f\u00e9rentiel est compos\u00e9 de 7 crit\u00e8res d\u00e9compos\u00e9s en 22 indicateurs dont la conformit\u00e9 doit \u00eatre d\u00e9montr\u00e9e par l\u2019organisme de formation.<\/div><\/div>[\/vc_column][vc_column width=\u00a0\u00bb1\/2&Prime;][vc_column_text]<a href=\"http:\/\/www.wingmind.co\/wp-content\/uploads\/2021\/12\/Logo-Qualiopi.png\"><img loading=\"lazy\" decoding=\"async\" class=\"size-medium wp-image-13098 aligncenter\" src=\"http:\/\/www.wingmind.co\/wp-content\/uploads\/2021\/12\/Logo-Qualiopi-300x160.png\" alt=\"\" width=\"300\" height=\"160\" srcset=\"https:\/\/www.wingmind.co\/wp-content\/uploads\/2021\/12\/Logo-Qualiopi-300x160.png 300w, https:\/\/www.wingmind.co\/wp-content\/uploads\/2021\/12\/Logo-Qualiopi.png 633w\" sizes=\"auto, (max-width: 300px) 100vw, 300px\" \/><\/a>[\/vc_column_text][\/vc_column][\/vc_row][vc_row full_width=\u00a0\u00bbstretch_row\u00a0\u00bb css=\u00a0\u00bb.vc_custom_1546600455676{padding-top: 65px !important;background-color: #ffffff !important;}\u00a0\u00bb][vc_column]<div id=\"ultimate-heading-424569f1671e099eb\" class=\"uvc-heading ult-adjust-bottom-margin ultimate-heading-424569f1671e099eb uvc-3202 \" data-hspacer=\"no_spacer\"  data-halign=\"left\" style=\"text-align:left\"><div class=\"uvc-heading-spacer no_spacer\" style=\"top\"><\/div><div class=\"uvc-main-heading ult-responsive\"  data-ultimate-target='.uvc-heading.ultimate-heading-424569f1671e099eb h2'  data-responsive-json-new='{\"font-size\":\"desktop:26px;\",\"line-height\":\"\"}' ><h2 style=\"font-family:&#039;Poppins&#039;;font-weight:500;color:#333333;margin-bottom:20px;\">Nos valeurs<\/h2><\/div><\/div>[vc_empty_space height=\u00a0\u00bb50px\u00a0\u00bb][vc_row_inner][vc_column_inner width=\u00a0\u00bb1\/3&Prime;]<div class=\"aio-icon-component    style_1\"><div id=\"Info-box-wrap-6241\" class=\"aio-icon-box top-icon\" style=\"\"  ><div class=\"aio-icon-top\"><div class=\"ult-just-icon-wrapper  \"><div class=\"align-icon\" style=\"text-align:center;\">\n<div class=\"aio-icon circle \"  style=\"color:#ffffff;background:#00a7cf;font-size:44px;display:inline-block;\">\n\t<i class=\"icomoon-bubbles4\"><\/i>\n<\/div><\/div><\/div><\/div><div class=\"aio-icon-header\" ><h3 class=\"aio-icon-title ult-responsive\"  data-ultimate-target='#Info-box-wrap-6241 .aio-icon-title'  data-responsive-json-new='{\"font-size\":\"desktop:30px;\",\"line-height\":\"desktop:20px;\"}'  style=\"font-family:&#039;Poppins&#039;;font-weight:500;color:#8224e3;\">Authenticit\u00e9<\/h3><\/div> <!-- header --><\/div> <!-- aio-icon-box --><\/div> <!-- aio-icon-component -->[\/vc_column_inner][vc_column_inner width=\u00a0\u00bb1\/3&Prime;]<div class=\"aio-icon-component    style_1\"><div id=\"Info-box-wrap-3858\" class=\"aio-icon-box top-icon\" style=\"\"  ><div class=\"aio-icon-top\"><div class=\"ult-just-icon-wrapper  \"><div class=\"align-icon\" style=\"text-align:center;\">\n<div class=\"aio-icon circle \"  style=\"color:#ffffff;background:#00a7cf;font-size:44px;display:inline-block;\">\n\t<i class=\"icomoon-arrow-up-right2\"><\/i>\n<\/div><\/div><\/div><\/div><div class=\"aio-icon-header\" ><h3 class=\"aio-icon-title ult-responsive\"  data-ultimate-target='#Info-box-wrap-3858 .aio-icon-title'  data-responsive-json-new='{\"font-size\":\"desktop:30px;\",\"line-height\":\"desktop:20px;\"}'  style=\"font-family:&#039;Poppins&#039;;font-weight:500;color:#8224e3;\">Progr\u00e8s<\/h3><\/div> <!-- header --><\/div> <!-- aio-icon-box --><\/div> <!-- aio-icon-component -->[\/vc_column_inner][vc_column_inner width=\u00a0\u00bb1\/3&Prime;]<div class=\"aio-icon-component    style_1\"><div id=\"Info-box-wrap-2874\" class=\"aio-icon-box top-icon\" style=\"\"  ><div class=\"aio-icon-top\"><div class=\"ult-just-icon-wrapper  \"><div class=\"align-icon\" style=\"text-align:center;\">\n<div class=\"aio-icon circle \"  style=\"color:#ffffff;background:#00a7cf;font-size:44px;display:inline-block;\">\n\t<i class=\"icomoon-star-empty\"><\/i>\n<\/div><\/div><\/div><\/div><div class=\"aio-icon-header\" ><h3 class=\"aio-icon-title ult-responsive\"  data-ultimate-target='#Info-box-wrap-2874 .aio-icon-title'  data-responsive-json-new='{\"font-size\":\"desktop:30px;\",\"line-height\":\"desktop:20px;\"}'  style=\"font-family:&#039;Poppins&#039;;font-weight:500;color:#8224e3;\">Performance<\/h3><\/div> <!-- header --><\/div> <!-- aio-icon-box --><\/div> <!-- aio-icon-component -->[\/vc_column_inner][\/vc_row_inner][\/vc_column][\/vc_row][vc_row css=\u00a0\u00bb.vc_custom_1469797144543{padding-bottom: 70px !important;}\u00a0\u00bb][vc_column width=\u00a0\u00bb1\/2&Prime;]<div id=\"ultimate-heading-330069f1671e09ec9\" class=\"uvc-heading ult-adjust-bottom-margin ultimate-heading-330069f1671e09ec9 uvc-6796 \" data-hspacer=\"no_spacer\"  data-halign=\"left\" style=\"text-align:left\"><div class=\"uvc-heading-spacer no_spacer\" style=\"top\"><\/div><div class=\"uvc-main-heading ult-responsive\"  data-ultimate-target='.uvc-heading.ultimate-heading-330069f1671e09ec9 h2'  data-responsive-json-new='{\"font-size\":\"desktop:26px;\",\"line-height\":\"\"}' ><h2 style=\"font-family:&#039;Poppins&#039;;font-weight:500;color:#333333;margin-bottom:20px;\">Nos intervenants<\/h2><\/div><div class=\"uvc-sub-heading ult-responsive\"  data-ultimate-target='.uvc-heading.ultimate-heading-330069f1671e09ec9 .uvc-sub-heading '  data-responsive-json-new='{\"font-size\":\"desktop:18px;\",\"line-height\":\"desktop:34px;\"}'  style=\"font-family:&#039;Raleway&#039;;font-weight:normal;margin-bottom:50px;\">Nous animons un r\u00e9seau d&rsquo;experts, de coachs certifi\u00e9s et de formateurs exp\u00e9riment\u00e9s pour proposer \u00e0 nos clients des dispositifs qui r\u00e9pondent au mieux \u00e0 leurs besoins.<\/div><\/div>[vc_empty_space height=\u00a0\u00bb30px\u00a0\u00bb][\/vc_column][vc_column width=\u00a0\u00bb1\/2&Prime;]<div class=\"pix-icons clearfix center \"><span class=\"icon pixicon-organization bg-none icon-circle\" style=\"font-size:150px;color:#0aaadb;\"><\/span><\/div>[vc_empty_space height=\u00a0\u00bb30px\u00a0\u00bb][\/vc_column][\/vc_row][vc_row css=\u00a0\u00bb.vc_custom_1469797144543{padding-bottom: 70px !important;}\u00a0\u00bb][vc_column width=\u00a0\u00bb1\/2&Prime;]<div id=\"ultimate-heading-500769f1671e09f39\" class=\"uvc-heading ult-adjust-bottom-margin ultimate-heading-500769f1671e09f39 uvc-7718 \" data-hspacer=\"no_spacer\"  data-halign=\"left\" style=\"text-align:left\"><div class=\"uvc-heading-spacer no_spacer\" style=\"top\"><\/div><div class=\"uvc-main-heading ult-responsive\"  data-ultimate-target='.uvc-heading.ultimate-heading-500769f1671e09f39 h2'  data-responsive-json-new='{\"font-size\":\"desktop:26px;\",\"line-height\":\"\"}' ><h2 style=\"font-family:&#039;Poppins&#039;;font-weight:500;color:#333333;margin-bottom:20px;\">Le fondateur<\/h2><\/div><div class=\"uvc-sub-heading ult-responsive\"  data-ultimate-target='.uvc-heading.ultimate-heading-500769f1671e09f39 .uvc-sub-heading '  data-responsive-json-new='{\"font-size\":\"desktop:18px;\",\"line-height\":\"desktop:34px;\"}'  style=\"font-family:&#039;Raleway&#039;;font-weight:normal;margin-bottom:50px;\"><\/p>\n<h3><img loading=\"lazy\" decoding=\"async\" class=\"wp-image-13738 size-medium alignleft\" src=\"https:\/\/www.wingmind.co\/wp-content\/uploads\/2023\/07\/Photo-David-C-300x300.jpg\" alt=\"\" width=\"300\" height=\"300\" srcset=\"https:\/\/www.wingmind.co\/wp-content\/uploads\/2023\/07\/Photo-David-C-300x300.jpg 300w, https:\/\/www.wingmind.co\/wp-content\/uploads\/2023\/07\/Photo-David-C-150x150.jpg 150w, https:\/\/www.wingmind.co\/wp-content\/uploads\/2023\/07\/Photo-David-C-768x768.jpg 768w, https:\/\/www.wingmind.co\/wp-content\/uploads\/2023\/07\/Photo-David-C-12x12.jpg 12w, https:\/\/www.wingmind.co\/wp-content\/uploads\/2023\/07\/Photo-David-C.jpg 969w\" sizes=\"auto, (max-width: 300px) 100vw, 300px\" \/>David Chouraqui<\/h3>\n<p><a href=\"https:\/\/www.linkedin.com\/in\/chouraquidavid\/\"><img loading=\"lazy\" decoding=\"async\" class=\"size-full wp-image-10824 alignleft\" src=\"http:\/\/www.wingmind.co\/wp-content\/uploads\/2018\/08\/1.png\" alt=\"\" width=\"46\" height=\"45\" \/><\/a><a href=\"mailto:contact@wingmind.co\"><img loading=\"lazy\" decoding=\"async\" class=\"wp-image-10825 size-full alignleft\" src=\"http:\/\/www.wingmind.co\/wp-content\/uploads\/2018\/08\/2.png\" alt=\"\" width=\"57\" height=\"48\" \/><\/a><\/p>\n<p><\/div><\/div>[vc_empty_space height=\u00a0\u00bb30px\u00a0\u00bb][\/vc_column][vc_column width=\u00a0\u00bb1\/2&Prime;][vc_empty_space height=\u00a0\u00bb30px\u00a0\u00bb][vc_column_text]<\/p>\n<p style=\"font-size: 16px; text-align: left;\">Fondateur de WINGMIND,\u00a0<strong><a href=\"mailto:dchouraqui@wingmind.co\">David Chouraqui<\/a><\/strong> est conseiller strat\u00e9gique, executive coach et formateur. Il est sp\u00e9cialis\u00e9 dans l&rsquo;accompagnement des dirigeants et des \u00e9quipes de direction. Ses domaines d&rsquo;expertise sont les suivants : le management, l&rsquo;intelligence \u00e9motionnelle et relationnelle, l&rsquo;entrepreneuriat et les strat\u00e9gies de business d\u00e9veloppement, le corporate finance et le private equity.<\/p>\n<p style=\"font-size: 16px; text-align: left;\">David est diplom\u00e9 de l&rsquo;Ecole HEC et coach form\u00e9 au coaching des \u00e9quipes et des organisations (Organisation and Relationship System Coaching),<\/p>\n<p style=\"font-size: 16px; text-align: left;\">David commence sa carri\u00e8re en business d\u00e9veloppement et marketing chez L\u2019Or\u00e9al au Mexique et en Europe de l\u2019Est, avant de rejoindre Rothschild Corporate Finance en fusions acquisitions.<\/p>\n<p style=\"font-size: 16px; text-align: left;\">En 2005, \u00a0il devient\u00a0\u00e0 Londres responsable europ\u00e9en du Business D\u00e9veloppement pour The Gores Group, soci\u00e9t\u00e9 de capital investissement am\u00e9ricaine g\u00e9rant 4 milliards de dollars et sp\u00e9cialis\u00e9e dans l\u2019acquisition de soci\u00e9t\u00e9s du secteur des technologies et des telecom. \u00a0Il est en charge d\u2019origination et d\u2019ex\u00e9cution de transactions sur toute l\u2019Europe, recherchant, s\u00e9lectionnant et analysant les soci\u00e9t\u00e9s dans lesquelles investir.<\/p>\n<p style=\"font-size: 16px; text-align: left;\">En 2010, il cr\u00e9e Closing Circle (<a href=\"http:\/\/www.closingcircle.com\/\">www.closingcircle.com<\/a>), un media digital international d\u00e9di\u00e9 au capital investissement et aux fusions acquisitions, qu\u2019il revend au groupe de m\u00e9dia Leaders League en juillet 2015.<\/p>\n<p>En 2012, David fonde WINGMIND, un cabinet de conseil et de coaching destin\u00e9 \u00e0 accompagner les entrepreneurs et les dirigeants dans leurs phases de transition sur les questions humaines, strat\u00e9giques et financi\u00e8res. WINGMIND se d\u00e9veloppe sur 2 piliers, une activit\u00e9 de conseil en management et une activit\u00e9 de formation et coaching.<\/p>\n<p style=\"font-size: 16px; text-align: left;\">Depuis 2013, David enseigne \u00e9galement le leadership, l&rsquo;entrepreneuriat et la finance d&rsquo;entreprise en \u00e9coles de commerce.<\/p>\n<p style=\"font-size: 16px; text-align: left;\">Il\u00a0parle couramment fran\u00e7ais, anglais et espagnol.<\/p>\n<p>[\/vc_column_text][\/vc_column][\/vc_row]<\/p>\n<\/div>","protected":false},"excerpt":{"rendered":"<p>[vc_row css=\u00a0\u00bb.vc_custom_1469797144543{padding-bottom: 70px !important;}\u00a0\u00bb][vc_column width=\u00a0\u00bb1\/2&Prime;][vc_empty_space height=\u00a0\u00bb30px\u00a0\u00bb][\/vc_column][vc_column width=\u00a0\u00bb1\/2&Prime;][vc_progress_bar values=\u00a0\u00bb%5B%7B%22label%22%3A%22WINGMIND%20ASSESSMENT%20%7C%20HR%20Audits%20%26%20Assessments%22%2C%22value%22%3A%2290%22%2C%22color%22%3A%22turquoise%22%7D%2C%7B%22label%22%3A%22WINGMIND%20ADVISORY%7C%20C-Level%20Advisory%20%26%20Coaching%22%2C%22value%22%3A%2290%22%2C%22color%22%3A%22bar_orange%22%7D%5D\u00a0\u00bb css=\u00a0\u00bb.vc_custom_1734332361695{margin-bottom: 0px !important;}\u00a0\u00bb][vc_empty_space height=\u00a0\u00bb30px\u00a0\u00bb][\/vc_column][\/vc_row][vc_row css=\u00a0\u00bb.vc_custom_1469797144543{padding-bottom: 70px !important;}\u00a0\u00bb][vc_column width=\u00a0\u00bb1\/2&Prime;][\/vc_column][vc_column width=\u00a0\u00bb1\/2&Prime;][vc_column_text][\/vc_column_text][\/vc_column][\/vc_row][vc_row full_width=\u00a0\u00bbstretch_row\u00a0\u00bb css=\u00a0\u00bb.vc_custom_1546600455676{padding-top: 65px !important;background-color: #ffffff !important;}\u00a0\u00bb][vc_column][vc_empty_space height=\u00a0\u00bb50px\u00a0\u00bb][vc_row_inner][vc_column_inner width=\u00a0\u00bb1\/3&Prime;][\/vc_column_inner][vc_column_inner width=\u00a0\u00bb1\/3&Prime;][\/vc_column_inner][vc_column_inner width=\u00a0\u00bb1\/3&Prime;][\/vc_column_inner][\/vc_row_inner][\/vc_column][\/vc_row][vc_row css=\u00a0\u00bb.vc_custom_1469797144543{padding-bottom: 70px !important;}\u00a0\u00bb][vc_column width=\u00a0\u00bb1\/2&Prime;][vc_empty_space height=\u00a0\u00bb30px\u00a0\u00bb][\/vc_column][vc_column width=\u00a0\u00bb1\/2&Prime;][vc_empty_space height=\u00a0\u00bb30px\u00a0\u00bb][\/vc_column][\/vc_row][vc_row css=\u00a0\u00bb.vc_custom_1469797144543{padding-bottom: 70px !important;}\u00a0\u00bb][vc_column width=\u00a0\u00bb1\/2&Prime;][vc_empty_space height=\u00a0\u00bb30px\u00a0\u00bb][\/vc_column][vc_column width=\u00a0\u00bb1\/2&Prime;][vc_empty_space&#8230;<\/p>\n","protected":false},"author":1,"featured_media":0,"parent":0,"menu_order":0,"comment_status":"closed","ping_status":"closed","template":"","meta":{"passster_activate_protection":false,"passster_protect_child_pages":"","passster_protection_type":"password","passster_password":"","passster_activate_overwrite_defaults":"","passster_headline":"","passster_instruction":"","passster_placeholder":"","passster_button":"","passster_id":"","passster_activate_misc_settings":"","passster_redirect_url":"","passster_hide":"no","passster_area_shortcode":"","_exactmetrics_skip_tracking":false,"_exactmetrics_sitenote_active":false,"_exactmetrics_sitenote_note":"","_exactmetrics_sitenote_category":0,"footnotes":""},"class_list":["post-250","page","type-page","status-publish","hentry"],"_links":{"self":[{"href":"https:\/\/www.wingmind.co\/fr\/wp-json\/wp\/v2\/pages\/250","targetHints":{"allow":["GET"]}}],"collection":[{"href":"https:\/\/www.wingmind.co\/fr\/wp-json\/wp\/v2\/pages"}],"about":[{"href":"https:\/\/www.wingmind.co\/fr\/wp-json\/wp\/v2\/types\/page"}],"author":[{"embeddable":true,"href":"https:\/\/www.wingmind.co\/fr\/wp-json\/wp\/v2\/users\/1"}],"replies":[{"embeddable":true,"href":"https:\/\/www.wingmind.co\/fr\/wp-json\/wp\/v2\/comments?post=250"}],"version-history":[{"count":0,"href":"https:\/\/www.wingmind.co\/fr\/wp-json\/wp\/v2\/pages\/250\/revisions"}],"wp:attachment":[{"href":"https:\/\/www.wingmind.co\/fr\/wp-json\/wp\/v2\/media?parent=250"}],"curies":[{"name":"wp","href":"https:\/\/api.w.org\/{rel}","templated":true}]}}