{"id":17871,"date":"2024-01-29T14:53:07","date_gmt":"2024-01-29T13:53:07","guid":{"rendered":"https:\/\/www.wingmind.co\/?page_id=17871"},"modified":"2024-07-19T15:30:56","modified_gmt":"2024-07-19T13:30:56","slug":"leadership-boost","status":"publish","type":"page","link":"https:\/\/www.wingmind.co\/fr\/leadership-boost\/","title":{"rendered":"Leadership Boost | D\u00e9veloppement Du Leadership &#038; Gouvernance"},"content":{"rendered":"<div class=\"wpb-content-wrapper\"><p>[vc_row full_width=\u00a0\u00bbstretch_row\u00a0\u00bb bg_type=\u00a0\u00bbimage\u00a0\u00bb parallax_style=\u00a0\u00bbvcpb-default\u00a0\u00bb bg_image_new=\u00a0\u00bbid^11656|url^https:\/\/www.wingmind.co\/wp-content\/uploads\/2019\/08\/iStock-696322124.jpg|caption^null|alt^null|title^null|description^null\u00a0\u00bb bg_image_repeat=\u00a0\u00bbno-repeat\u00a0\u00bb bg_image_posiiton=\u00a0\u00bb25% 40%\u00a0\u00bb enable_overlay=\u00a0\u00bbenable_overlay_value\u00a0\u00bb overlay_color=\u00a0\u00bbrgba(10,0,0,0.55)\u00a0\u00bb css=\u00a0\u00bb.vc_custom_1709900243466{padding-top: 90px !important;padding-bottom: 80px !important;background-color: #00a7cf !important;}\u00a0\u00bb][vc_column][vc_column_text css=\u00a0\u00bb.vc_custom_1706535800682{margin-bottom: 15px !important;}\u00a0\u00bb]<\/p>\n<h2 style=\"color: #0aaadb; font-family: 'Poppins'; font-size: 80px; font-weight: 300; text-align: center; line-height: 65px;\"><strong>Leadership Boost<\/strong><\/h2>\n<p>[\/vc_column_text][vc_column_text css=\u00a0\u00bb.vc_custom_1710143783602{padding-bottom: 20px !important;}\u00a0\u00bb]<\/p>\n<h2 style=\"color: #ffffff; font-family: 'Poppins'; font-size: 23px; font-weight: 500; text-align: center; line-height: 32px;\">D\u00e9veloppement Du Leadership &amp; Gouvernance<\/h2>\n<p>[\/vc_column_text]<div class=\"pix_button button-center\"><a href=\"#popmake-13291\"  class=\"clear btn sg-popup-id-10822 btn-solid btn-hover-solid btn-oval  btn-lg custom_color btn-hover-color\"style=\"background-color:#0aaadb;color: #ffffff;border-color: #0aaadb;\">Contactez-nous<\/a><\/div>[\/vc_column][\/vc_row][vc_row full_width=\u00a0\u00bbstretch_row\u00a0\u00bb css=\u00a0\u00bb.vc_custom_1546356061714{padding-top: 10px !important;padding-bottom: 40px !important;background-color: #0aaadb !important;}\u00a0\u00bb][vc_column]<div id=\"ultimate-heading-161769e388de2d119\" class=\"uvc-heading ult-adjust-bottom-margin ultimate-heading-161769e388de2d119 uvc-6925 \" data-hspacer=\"no_spacer\"  data-halign=\"center\" style=\"text-align:center\"><div class=\"uvc-heading-spacer no_spacer\" style=\"top\"><\/div><div class=\"uvc-main-heading ult-responsive\"  data-ultimate-target='.uvc-heading.ultimate-heading-161769e388de2d119 h2'  data-responsive-json-new='{\"font-size\":\"desktop:35px;\",\"line-height\":\"\"}' ><h2 style=\"font-family:&#039;Poppins&#039;;font-weight:500;color:#ffffff;margin-bottom:8px;\">Assessment, Conseil &amp; Coaching Pour Booster La Performance des Dirigeants Et Des Equipes De Direction<\/h2><\/div><\/div>[\/vc_column][\/vc_row][vc_row full_width=\u00a0\u00bbstretch_row\u00a0\u00bb css=\u00a0\u00bb.vc_custom_1690807025636{padding-top: 65px !important;background-color: #ffffff !important;}\u00a0\u00bb][vc_column]<div class=\" size-md alignCenter clearfix\"><h2 class=\"main-title title sub-title-con normal-title size-md alignCenter line-style1 \"   >6 Solutions Pour Renforcer Le Leadership De Votre Organisation <span class=\"line\"><\/span><\/h2><p class=\"sub-title  \"   >Nous croyons fermement que la r\u00e9ussite d&#039;une entreprise d\u00e9pend de la qualit\u00e9 de son leadership. Leadership Boost est un accompagnement sur mesure d\u00e9di\u00e9 aux dirigeants dont la mission est de b\u00e2tir et d\u00e9velopper des \u00e9quipes de directions performantes, align\u00e9es et engag\u00e9es capables de propulser leur entreprise vers le succ\u00e8s. Nos solutions sont adapt\u00e9es aux besoins sp\u00e9cifiques de chaque \u00e9quipe dirigeante et incluent \u00e9valuation, coaching et conseil.<\/p><\/div>[vc_empty_space height=\u00a0\u00bb20px\u00a0\u00bb][vc_row_inner][vc_column_inner width=\u00a0\u00bb1\/3&Prime;]<div class=\"aio-icon-component    style_1\"><div id=\"Info-box-wrap-8835\" class=\"aio-icon-box top-icon\" style=\"\"  ><div class=\"aio-icon-top\"><div class=\"ult-just-icon-wrapper  \"><div class=\"align-icon\" style=\"text-align:center;\">\n<div class=\"aio-icon none \"  style=\"color:#333;font-size:62px;display:inline-block;\">\n\t<i class=\"icomoon-search\"><\/i>\n<\/div><\/div><\/div><\/div><div class=\"aio-icon-header\" ><h3 class=\"aio-icon-title ult-responsive\"  data-ultimate-target='#Info-box-wrap-8835 .aio-icon-title'  data-responsive-json-new='{\"font-size\":\"\",\"line-height\":\"\"}'  style=\"\">1. Assessment Des Leaders<\/h3><\/div> <!-- header --><\/div> <!-- aio-icon-box --><\/div> <!-- aio-icon-component -->[vc_column_text]Nous r\u00e9alisons des assessments des leaders et des \u00e9quipes de direction qui identifient forces et axes d&rsquo;am\u00e9lioration et peuvent etre utilis\u00e9s dans plusieurs contextes :<\/p>\n<ul>\n<li>Due diligence manag\u00e9riale lors d&rsquo;investissements et acquisitions<\/li>\n<li>Assessment au service du d\u00e9veloppement des dirigeants et managers<\/li>\n<li>S\u00e9lection des candidats lors de recrutement<\/li>\n<li>Accompagnement de dirigeants en difficult\u00e9<\/li>\n<li>R\u00e9organisation d&rsquo;\u00e9quipe de direction<\/li>\n<li>D\u00e9finition d&rsquo;un plan de succession<\/li>\n<\/ul>\n<p>[\/vc_column_text]<div class=\"pix_button button-center\"><a href=\"https:\/\/www.wingmind.co\/fr\/assessment\/leadership-insights-evaluation-des-leaders\/\"  class=\"clear btn sg-popup-id-10822 btn-solid btn-hover-solid btn-oval  btn-lg custom_color btn-hover-color\"style=\"background-color:#0aaadb;color: #ffffff;border-color: #0aaadb;\">En Savoir Plus<\/a><\/div>[vc_empty_space height=\u00a0\u00bb40px\u00a0\u00bb][\/vc_column_inner][vc_column_inner width=\u00a0\u00bb1\/3&Prime;]<div class=\"aio-icon-component    style_1\"><div id=\"Info-box-wrap-2597\" class=\"aio-icon-box top-icon\" style=\"\"  ><div class=\"aio-icon-top\"><div class=\"ult-just-icon-wrapper  \"><div class=\"align-icon\" style=\"text-align:center;\">\n<div class=\"aio-icon none \"  style=\"color:#333;font-size:62px;display:inline-block;\">\n\t<i class=\"Defaults-signal\"><\/i>\n<\/div><\/div><\/div><\/div><div class=\"aio-icon-header\" ><h3 class=\"aio-icon-title ult-responsive\"  data-ultimate-target='#Info-box-wrap-2597 .aio-icon-title'  data-responsive-json-new='{\"font-size\":\"\",\"line-height\":\"\"}'  style=\"\">2. Coaching Individuel Pour Leaders<\/h3><\/div> <!-- header --><\/div> <!-- aio-icon-box --><\/div> <!-- aio-icon-component -->[vc_column_text]Nous proposons aux leaders (CEO, directeurs, managers) des programmes de coaching individuel qui peuvent etre centr\u00e9s sur 4 types d&rsquo;objectifs :<\/p>\n<ul>\n<li>Accompagner efficacement les prises de poste et transitions<\/li>\n<li>Optimiser sa performance individuelle et atteindre ses objectifs<\/li>\n<li>Am\u00e9liorer ses relations et comportements et son impact sur les autres<\/li>\n<li>Renforcer son \u00e9nergie, sa motivation et son bien-\u00eatre<\/li>\n<\/ul>\n<p>[\/vc_column_text]<div class=\"pix_button button-center\"><a href=\"https:\/\/www.wingmind.co\/fr\/leadership-coaching-coaching-individuel-pour-leaders\/\"  class=\"clear btn sg-popup-id-10822 btn-solid btn-hover-solid btn-oval  btn-lg custom_color btn-hover-color\"style=\"background-color:#0aaadb;color: #ffffff;border-color: #0aaadb;\">En Savoir Plus<\/a><\/div>[vc_empty_space height=\u00a0\u00bb40px\u00a0\u00bb][\/vc_column_inner][vc_column_inner width=\u00a0\u00bb1\/3&Prime;]<div class=\"aio-icon-component    style_1\"><div id=\"Info-box-wrap-7579\" class=\"aio-icon-box top-icon\" style=\"\"  ><div class=\"aio-icon-top\"><div class=\"ult-just-icon-wrapper  \"><div class=\"align-icon\" style=\"text-align:center;\">\n<div class=\"aio-icon none \"  style=\"color:#333;font-size:62px;display:inline-block;\">\n\t<i class=\"Defaults-group users\"><\/i>\n<\/div><\/div><\/div><\/div><div class=\"aio-icon-header\" ><h3 class=\"aio-icon-title ult-responsive\"  data-ultimate-target='#Info-box-wrap-7579 .aio-icon-title'  data-responsive-json-new='{\"font-size\":\"\",\"line-height\":\"\"}'  style=\"\">3. Coaching D'Equipe De Direction<\/h3><\/div> <!-- header --><\/div> <!-- aio-icon-box --><\/div> <!-- aio-icon-component -->[vc_column_text]Nous proposons aux \u00e9quipes de direction, COMEX, CODIR des programmes de coaching collectif pour travailler sur plusieurs axes de d\u00e9veloppement :<\/p>\n<ul>\n<li>Am\u00e9liorer le fonctionnement de l&rsquo;\u00e9quipe de direction<\/li>\n<li>Renforcer la qualit\u00e9 des relations et la communication<\/li>\n<li>Favoriser la coop\u00e9ration pour casser les silos<\/li>\n<li>Faciliter l&rsquo;alignement strat\u00e9gique et la feuille de route commune<\/li>\n<\/ul>\n<p>[\/vc_column_text]<div class=\"pix_button button-center\"><a href=\"https:\/\/www.wingmind.co\/fr\/team-coaching-coaching-dequipe-de-direction\/\"  class=\"clear btn sg-popup-id-10822 btn-solid btn-hover-solid btn-oval  btn-lg custom_color btn-hover-color\"style=\"background-color:#0aaadb;color: #ffffff;border-color: #0aaadb;\">En Savoir Plus<\/a><\/div>[vc_empty_space height=\u00a0\u00bb40px\u00a0\u00bb][\/vc_column_inner][\/vc_row_inner][vc_row_inner][vc_column_inner width=\u00a0\u00bb1\/3&Prime;]<div class=\"aio-icon-component    style_1\"><div id=\"Info-box-wrap-5306\" class=\"aio-icon-box top-icon\" style=\"\"  ><div class=\"aio-icon-top\"><div class=\"ult-just-icon-wrapper  \"><div class=\"align-icon\" style=\"text-align:center;\">\n<div class=\"aio-icon none \"  style=\"color:#333;font-size:62px;display:inline-block;\">\n\t<i class=\"Defaults-sitemap\"><\/i>\n<\/div><\/div><\/div><\/div><div class=\"aio-icon-header\" ><h3 class=\"aio-icon-title ult-responsive\"  data-ultimate-target='#Info-box-wrap-5306 .aio-icon-title'  data-responsive-json-new='{\"font-size\":\"\",\"line-height\":\"\"}'  style=\"\">4. R\u00e9organisation D'Equipe De Direction<\/h3><\/div> <!-- header --><\/div> <!-- aio-icon-box --><\/div> <!-- aio-icon-component -->[vc_column_text]Nous accompagnons les dirigeants dans la r\u00e9organisation de leur \u00e9quipe de direction que ce soit en r\u00e9ponse \u00e0 de nouveaux d\u00e9fis ou \u00e0 la suite de d\u00e9parts au sein de l\u2019\u00e9quipe. Notre accompagnement peut consister \u00e0 :<\/p>\n<ul>\n<li>Evaluer les besoins et les comp\u00e9tences actuelles de l&rsquo;\u00e9quipe<\/li>\n<li>Conseiller sur la structure optimale, les recrutements n\u00e9cessaires et repositionnements et d\u00e9parts \u00e9ventuels<\/li>\n<li>Faciliter le recrutement et l\u2019int\u00e9gration de nouveaux membres et g\u00e9rer les transitions<\/li>\n<\/ul>\n<p>[\/vc_column_text][\/vc_column_inner][vc_column_inner width=\u00a0\u00bb1\/3&Prime;]<div class=\"aio-icon-component    style_1\"><div id=\"Info-box-wrap-8961\" class=\"aio-icon-box top-icon\" style=\"\"  ><div class=\"aio-icon-top\"><div class=\"ult-just-icon-wrapper  \"><div class=\"align-icon\" style=\"text-align:center;\">\n<div class=\"aio-icon none \"  style=\"color:#333;font-size:62px;display:inline-block;\">\n\t<i class=\"icomoon-bubbles2\"><\/i>\n<\/div><\/div><\/div><\/div><div class=\"aio-icon-header\" ><h3 class=\"aio-icon-title ult-responsive\"  data-ultimate-target='#Info-box-wrap-8961 .aio-icon-title'  data-responsive-json-new='{\"font-size\":\"\",\"line-height\":\"\"}'  style=\"\">5. Coaching D'Alignement &amp; R\u00e9solution de Conflits<\/h3><\/div> <!-- header --><\/div> <!-- aio-icon-box --><\/div> <!-- aio-icon-component -->[vc_column_text]Nous accompagnons actionnaires et directeurs pour les aider \u00e0 s&rsquo;aligner, \u00e0 am\u00e9liorer ou d\u00e9velopper leur relation et r\u00e9soudre des conflits ou d\u00e9saccords. Notre coaching d&rsquo;alignement peut s&rsquo;appliquer dans plusieurs contextes :<\/p>\n<ul>\n<li>Associ\u00e9s<\/li>\n<li>Pr\u00e9sident\/DG<\/li>\n<li>Directeurs<\/li>\n<li>Actionnaires\/Dirigeants<\/li>\n<\/ul>\n<p>[\/vc_column_text][\/vc_column_inner][vc_column_inner width=\u00a0\u00bb1\/3&Prime;]<div class=\"aio-icon-component    style_1\"><div id=\"Info-box-wrap-5530\" class=\"aio-icon-box top-icon\" style=\"\"  ><div class=\"aio-icon-top\"><div class=\"ult-just-icon-wrapper  \"><div class=\"align-icon\" style=\"text-align:center;\">\n<div class=\"aio-icon none \"  style=\"color:#333;font-size:62px;display:inline-block;\">\n\t<i class=\"Defaults-user-plus\"><\/i>\n<\/div><\/div><\/div><\/div><div class=\"aio-icon-header\" ><h3 class=\"aio-icon-title ult-responsive\"  data-ultimate-target='#Info-box-wrap-5530 .aio-icon-title'  data-responsive-json-new='{\"font-size\":\"\",\"line-height\":\"\"}'  style=\"\">6. Aide Au Recrutement De Personnes Clefs<\/h3><\/div> <!-- header --><\/div> <!-- aio-icon-box --><\/div> <!-- aio-icon-component -->[vc_column_text]Nous aidons les actionnaires et dirigeants \u00e0 recruter et int\u00e9grer les personnes clefs (CEO et directeurs). Notre accompagnement peut inclure :<\/p>\n<ul>\n<li>Identification des besoins et du profil recherch\u00e9<\/li>\n<li>Assessment des candidats et aide \u00e0 la s\u00e9lection<\/li>\n<li>Coaching \u00e0 la prise de poste<\/li>\n<\/ul>\n<p>[\/vc_column_text][\/vc_column_inner][\/vc_row_inner][\/vc_column][\/vc_row][vc_row full_width=\u00a0\u00bbstretch_row\u00a0\u00bb css=\u00a0\u00bb.vc_custom_1546354033206{border-top-width: 4px !important;padding-top: 65px !important;background-color: #ffffff !important;border-top-color: #f2f2f2 !important;border-top-style: solid !important;border-radius: 4px !important;}\u00a0\u00bb][vc_column]<div class=\" size-md alignCenter clearfix\"><h2 class=\"main-title title normal-title size-md alignCenter line-style1 \"   >Contactez-nous <span class=\"line\"><\/span><\/h2><\/div>[vc_empty_space height=\u00a0\u00bb80px\u00a0\u00bb][vc_row_inner][vc_column_inner width=\u00a0\u00bb1\/2&Prime;][vc_column_text]<\/p>\n<p style=\"font-size: 16px; text-align: left;\"><strong><img loading=\"lazy\" decoding=\"async\" class=\"wp-image-13738 size-medium alignleft\" src=\"https:\/\/www.wingmind.co\/wp-content\/uploads\/2023\/07\/Photo-David-C-300x300.jpg\" alt=\"\" width=\"300\" height=\"300\" srcset=\"https:\/\/www.wingmind.co\/wp-content\/uploads\/2023\/07\/Photo-David-C-300x300.jpg 300w, https:\/\/www.wingmind.co\/wp-content\/uploads\/2023\/07\/Photo-David-C-150x150.jpg 150w, https:\/\/www.wingmind.co\/wp-content\/uploads\/2023\/07\/Photo-David-C-768x768.jpg 768w, https:\/\/www.wingmind.co\/wp-content\/uploads\/2023\/07\/Photo-David-C-12x12.jpg 12w, https:\/\/www.wingmind.co\/wp-content\/uploads\/2023\/07\/Photo-David-C.jpg 969w\" sizes=\"auto, (max-width: 300px) 100vw, 300px\" \/>Votre interlocuteur : David Chouraqui\u00a0<\/strong><\/p>\n<p><a href=\"https:\/\/www.linkedin.com\/in\/chouraquidavid\/\"><img loading=\"lazy\" decoding=\"async\" class=\"size-full wp-image-10824 alignleft\" src=\"http:\/\/www.wingmind.co\/wp-content\/uploads\/2018\/08\/1.png\" alt=\"\" width=\"46\" height=\"45\" \/><\/a><\/p>\n<p><a href=\"mailto:contact@wingmind.co\"><img decoding=\"async\" class=\"alignleft\" src=\"http:\/\/www.wingmind.co\/wp-content\/uploads\/2018\/08\/2.png\" \/><\/a>[\/vc_column_text][vc_column_text]<strong>Ses domaines d&rsquo;expertise :<\/strong><\/p>\n<ul>\n<li>Management et gouvernance<\/li>\n<li>Finance d&rsquo;entreprise, M&amp;A et private equity<\/li>\n<li>Intelligence \u00e9motionnelle et relationnelle<\/li>\n<li>Entrepreneuriat et business d\u00e9veloppement<\/li>\n<li>Bien-\u00eatre et performance collective des \u00e9quipes<\/li>\n<\/ul>\n<p>[\/vc_column_text][\/vc_column_inner][vc_column_inner width=\u00a0\u00bb1\/2&Prime;][vc_column_text]<strong>Ancien capital investisseur et entrepreneur, David accompagne depuis 11 ans des dirigeants, des entrepreneurs et des managers pour les aider \u00e0 g\u00e9rer et conduire le changement et \u00e0 d\u00e9velopper leur entreprise et leurs \u00e9quipes. Il est sp\u00e9cialis\u00e9 dans l\u2019accompagnement des dirigeants et des \u00e9quipes de direction.<\/strong><\/p>\n<ul>\n<li>Coach &amp; Conseiller de dirigeants<\/li>\n<li>Dipl\u00f4m\u00e9 HEC Grande Ecole<\/li>\n<li>Form\u00e9 au coaching syst\u00e9mique (Organisation and Relationship Systems Coaching) et certifi\u00e9 HOGAN (Leadership Personality Assessments)<\/li>\n<li>Depuis 2012 : Fondateur de WINGMIND, un cabinet de conseil en capital humain sp\u00e9cialis\u00e9 en audits RH et assessments et accompagnement des dirigeants<\/li>\n<li>2010-2015 : Entrepreneur dans le digital. Cr\u00e9ateur de Closing Circle, un media digital d\u00e9di\u00e9 au capital investissement et aux fusions acquisitions, qu\u2019il revend au groupe de m\u00e9dia Leaders League en juillet 2015<\/li>\n<li>2005-2010 : Capital Investisseur. Responsable europ\u00e9en du business d\u00e9veloppement pour une soci\u00e9t\u00e9 de capital investissement am\u00e9ricaine sp\u00e9cialis\u00e9e dans l\u2019acquisition de soci\u00e9t\u00e9s du secteur des technologies et telecom<\/li>\n<li>Depuis 2013 : Professeur de management, entrepreneuriat et finance en \u00e9cole de commerce<\/li>\n<\/ul>\n<p>[\/vc_column_text][\/vc_column_inner][\/vc_row_inner][\/vc_column][\/vc_row][vc_row full_width=\u00a0\u00bbstretch_row\u00a0\u00bb css=\u00a0\u00bb.vc_custom_1546354033206{border-top-width: 4px !important;padding-top: 65px !important;background-color: #ffffff !important;border-top-color: #f2f2f2 !important;border-top-style: solid !important;border-radius: 4px !important;}\u00a0\u00bb][vc_column]<div class=\" size-md alignCenter clearfix\"><h2 class=\"main-title title sub-title-con normal-title size-md alignCenter line-style1 \"   >WINGBLOG <span class=\"line\"><\/span><\/h2><p class=\"sub-title  \"   >Nos Articles Sur Le Leadership &amp; La Gouvernance<\/p><\/div>[vc_basic_grid post_type=\u00a0\u00bbpost\u00a0\u00bb max_items=\u00a0\u00bb24&Prime; grid_id=\u00a0\u00bbvc_gid:1721395659646-2682e85c-57f2-5&Prime; taxonomies=\u00a0\u00bb162, 160&Prime;][vc_empty_space height=\u00a0\u00bb80px\u00a0\u00bb][\/vc_column][\/vc_row]<\/p>\n<\/div>","protected":false},"excerpt":{"rendered":"<p>[vc_row full_width=\u00a0\u00bbstretch_row\u00a0\u00bb bg_type=\u00a0\u00bbimage\u00a0\u00bb parallax_style=\u00a0\u00bbvcpb-default\u00a0\u00bb bg_image_new=\u00a0\u00bbid^11656|url^https:\/\/www.wingmind.co\/wp-content\/uploads\/2019\/08\/iStock-696322124.jpg|caption^null|alt^null|title^null|description^null\u00a0\u00bb bg_image_repeat=\u00a0\u00bbno-repeat\u00a0\u00bb bg_image_posiiton=\u00a0\u00bb25% 40%\u00a0\u00bb enable_overlay=\u00a0\u00bbenable_overlay_value\u00a0\u00bb overlay_color=\u00a0\u00bbrgba(10,0,0,0.55)\u00a0\u00bb css=\u00a0\u00bb.vc_custom_1709900243466{padding-top: 90px !important;padding-bottom: 80px !important;background-color: #00a7cf !important;}\u00a0\u00bb][vc_column][vc_column_text css=\u00a0\u00bb.vc_custom_1706535800682{margin-bottom: 15px !important;}\u00a0\u00bb] Leadership Boost [\/vc_column_text][vc_column_text css=\u00a0\u00bb.vc_custom_1710143783602{padding-bottom: 20px !important;}\u00a0\u00bb] D\u00e9veloppement Du Leadership &amp; Gouvernance [\/vc_column_text][\/vc_column][\/vc_row][vc_row full_width=\u00a0\u00bbstretch_row\u00a0\u00bb css=\u00a0\u00bb.vc_custom_1546356061714{padding-top: 10px !important;padding-bottom: 40px !important;background-color: #0aaadb !important;}\u00a0\u00bb][vc_column][\/vc_column][\/vc_row][vc_row&#8230;<\/p>\n","protected":false},"author":1,"featured_media":18333,"parent":0,"menu_order":0,"comment_status":"closed","ping_status":"closed","template":"","meta":{"passster_activate_protection":false,"passster_protect_child_pages":"","passster_protection_type":"password","passster_password":"","passster_activate_overwrite_defaults":"","passster_headline":"","passster_instruction":"","passster_placeholder":"","passster_button":"","passster_id":"","passster_activate_misc_settings":"","passster_redirect_url":"","passster_hide":"no","passster_area_shortcode":"","_exactmetrics_skip_tracking":false,"_exactmetrics_sitenote_active":false,"_exactmetrics_sitenote_note":"","_exactmetrics_sitenote_category":0,"footnotes":""},"class_list":["post-17871","page","type-page","status-publish","has-post-thumbnail","hentry"],"_links":{"self":[{"href":"https:\/\/www.wingmind.co\/fr\/wp-json\/wp\/v2\/pages\/17871","targetHints":{"allow":["GET"]}}],"collection":[{"href":"https:\/\/www.wingmind.co\/fr\/wp-json\/wp\/v2\/pages"}],"about":[{"href":"https:\/\/www.wingmind.co\/fr\/wp-json\/wp\/v2\/types\/page"}],"author":[{"embeddable":true,"href":"https:\/\/www.wingmind.co\/fr\/wp-json\/wp\/v2\/users\/1"}],"replies":[{"embeddable":true,"href":"https:\/\/www.wingmind.co\/fr\/wp-json\/wp\/v2\/comments?post=17871"}],"version-history":[{"count":0,"href":"https:\/\/www.wingmind.co\/fr\/wp-json\/wp\/v2\/pages\/17871\/revisions"}],"wp:featuredmedia":[{"embeddable":true,"href":"https:\/\/www.wingmind.co\/fr\/wp-json\/wp\/v2\/media\/18333"}],"wp:attachment":[{"href":"https:\/\/www.wingmind.co\/fr\/wp-json\/wp\/v2\/media?parent=17871"}],"curies":[{"name":"wp","href":"https:\/\/api.w.org\/{rel}","templated":true}]}}