{"id":12170,"date":"2020-12-17T10:17:06","date_gmt":"2020-12-17T09:17:06","guid":{"rendered":"http:\/\/www.wingmind.co\/?page_id=12170"},"modified":"2020-12-17T10:17:06","modified_gmt":"2020-12-17T09:17:06","slug":"politique-de-confidentialite-2","status":"publish","type":"page","link":"https:\/\/www.wingmind.co\/fr\/politique-de-confidentialite-2\/","title":{"rendered":"Politique de Confidentialit\u00e9"},"content":{"rendered":"<p>La pr\u00e9sente Politique de Confidentialit\u00e9 a pour objet de vous informer de mani\u00e8re compl\u00e8te et transparente sur l\u2019utilisation par la Soci\u00e9t\u00e9 WINGMIND (ci-apr\u00e8s la Soci\u00e9t\u00e9) de vos donn\u00e9es personnelles.<\/p>\n<p>Les donn\u00e9es personnelles que l\u2019Utilisateur peut \u00eatre amen\u00e9 \u00e0 communiquer \u00e0 la soci\u00e9t\u00e9 sont collect\u00e9es et trait\u00e9es par la Soci\u00e9t\u00e9 dans le respect de la Loi informatique et libert\u00e9 du 6 janvier 1978 (\u00ab\u00a0LIL\u00a0\u00bb) modifi\u00e9e et du r\u00e8glement G\u00e9n\u00e9ral sur la protection des Donn\u00e9es du 27 avril 2016 ( \u00ab\u00a0RGPD\u00a0\u00bb).<\/p>\n<p>La Soci\u00e9t\u00e9 s\u2019engage \u00e0 recueillir le consentement de ses Utilisateurs et\/ou \u00e0 leur permettre de s\u2019opposer \u00e0 l\u2019utilisation de leurs donn\u00e9es pour certaines finalit\u00e9s, d\u00e8s que cela est n\u00e9cessaire.<\/p>\n<h4><strong>Article 1\u00a0: Objet du traitement des donn\u00e9es personnelles de l\u2019Utilisateur<\/strong><\/h4>\n<p>Les donn\u00e9es personnelles collect\u00e9es sont principalement trait\u00e9es par la Soci\u00e9t\u00e9 (et les sous-traitants agissant pour son compte) ainsi que par ses partenaires autoris\u00e9s pour :<\/p>\n<ul>\n<li>permettre \u00e0 l\u2019Utilisateur de b\u00e9n\u00e9ficier des Services propos\u00e9s sur le Site\u00a0;<\/li>\n<li>permettre \u00e0 l\u2019Utilisateur d\u2019acc\u00e9der au questionnaire WELLNESS TARGET ;<\/li>\n<li>r\u00e9aliser le service WELLNESS TARGET: test destin\u00e9 \u00e0 aider les participants \u00e0 \u00e9valuer leur bien-etre et identifier leurs priorit\u00e9s;<\/li>\n<li>assurer le suivi et le tri des r\u00e9ponses au questionnaire WELLNESS TARGET ;<\/li>\n<li>traiter les demandes effectu\u00e9es sur le Site de quelle que nature que ce soit (demande d\u2019information, modification des informations de l\u2019Utilisateur, prise de contact avec un conseiller, r\u00e9clamation\u00a0;<\/li>\n<li>adresser \u00e0 l\u2019Utilisateur des newsletters, des informations g\u00e9n\u00e9rales et\/ou commerciales, rapport, fiches\u00a0;<\/li>\n<\/ul>\n<p>A titre subsidiaire les donn\u00e9es des Utilisateurs sont \u00e9galement collect\u00e9es pour :<\/p>\n<ul>\n<li>pr\u00e9venir et lutter contre la fraude informatique (spamming, hacking\u2026)\u00a0;<\/li>\n<li>am\u00e9liorer la navigation sur le Site\u00a0;<\/li>\n<li>recueillir des informations permettant d\u2019am\u00e9liorer le Site ( notamment par le biais de Cookies)\u00a0;<\/li>\n<li>r\u00e9aliser des \u00e9tudes statistiques\u00a0;<\/li>\n<li>se conformer \u00e0 la l\u00e9gislation en vigueur<\/li>\n<\/ul>\n<h4><strong>\u00a0<\/strong><strong>Article 2\u00a0: Donn\u00e9es personnelles collect\u00e9es<\/strong><\/h4>\n<p>Lorsque vous utilisez les services propos\u00e9s sur le Site, vous pouvez \u00eatre amen\u00e9 \u00e0 nous transmettre les informations suivantes\u00a0que nous traitons conform\u00e9ment aux finalit\u00e9s d\u00e9crites \u00e0 l\u2019article 1\u00a0: votre adresse \u00e9lectronique, age, genre, pays de r\u00e9sidence.<\/p>\n<p>La collecte de certaines donn\u00e9es personnelles est obligatoire pour fournir les Services du Site et permettre l\u2019authentification de l\u2019Utilisateur.<\/p>\n<p>Dans le cadre du questionnaire WELLNESS TARGET, la soci\u00e9t\u00e9 WINGMIND peut \u00eatre amen\u00e9e \u00e0 recueillir des donn\u00e9es sp\u00e9cifiques vous concernant, contenues dans vos r\u00e9ponses au questionnaire propos\u00e9 par la soci\u00e9t\u00e9.<\/p>\n<h4><strong>Article 3\u00a0: Destinataire des donn\u00e9es personnelles collect\u00e9es<\/strong><\/h4>\n<p>Seuls la soci\u00e9t\u00e9 WINGMIND et ses \u00e9ventuels sous-traitants sont destinataires de vos donn\u00e9es personnelles<\/p>\n<p>Nous exigeons de mani\u00e8re stricte de nos sous-traitant qu\u2019ils utilisent vos donn\u00e9es personnelles uniquement pour g\u00e9rer les services que nous leur demandons de fournir et ne proc\u00e8dent en aucun cas \u00e0 la commercialisation des donn\u00e9es personnelles collect\u00e9es.<\/p>\n<p>Nous demandons \u00e9galement \u00e0 nos sous-traitants de toujours agir en conformit\u00e9 avec les lois applicables en mati\u00e8re de protection de donn\u00e9es personnelles et d\u2019accorder une attention particuli\u00e8re \u00e0 la confidentialit\u00e9 et \u00e0 la s\u00e9curit\u00e9 de ces donn\u00e9es.<\/p>\n<p>Vos donn\u00e9es personnelles pourront \u00eatre communiqu\u00e9es en application d\u2019une loi, d\u2019un r\u00e8glement, d\u2019une d\u00e9cision d\u2019une autorit\u00e9 r\u00e9glementaire ou judiciaire et enfin, si n\u00e9cessaire pour WINGMIND, afin de pr\u00e9server ses droits et int\u00e9r\u00eats.<\/p>\n<h4><strong>Article 4\u00a0: Dur\u00e9e de conservation et stockage des donn\u00e9es personnelles collect\u00e9es<\/strong><\/h4>\n<p>Vos donn\u00e9es personnelles sont conserv\u00e9es par la soci\u00e9t\u00e9 WINGMIND pendant une dur\u00e9e qui n\u2019exc\u00e8de pas la dur\u00e9e n\u00e9cessaire aux finalit\u00e9s pour lesquelles elles ont \u00e9t\u00e9 collect\u00e9es tel qu\u2019indiqu\u00e9 \u00e0 l\u2019article 1 et qui ne saurait exc\u00e9der 12 mois.<\/p>\n<p>Vos donn\u00e9es personnelles sont stock\u00e9es soit dans nos bases de donn\u00e9es soit dans celles de nos sous- traitant, lesquelles sont situ\u00e9es au sein de l\u2019Union Europ\u00e9enne.<\/p>\n<p>Nous attachons une grande importance \u00e0 la s\u00e9curit\u00e9 de vos donn\u00e9es.<\/p>\n<p>C\u2019est la raison pour laquelle nous mettons en \u0153uvre toutes les mesures appropri\u00e9es pour emp\u00eacher dans la mesure du possible toute alt\u00e9ration ou perte de vos donn\u00e9es ou tout acc\u00e8s non autoris\u00e9 \u00e0 celles-ci.<\/p>\n<h4><strong>Article 5\u00a0: Droits de l\u2019Utilisateur<\/strong><\/h4>\n<p>Conform\u00e9ment \u00e0 la r\u00e9glementation europ\u00e9enne en vigueur, vous disposez des droits suivants :<\/p>\n<ul>\n<li>d\u2019acc\u00e8s et de communication des donn\u00e9es\u00a0;<\/li>\n<li>de rectification et de mise \u00e0 jour\u00a0;<\/li>\n<li>droit de retirer \u00e0 tout moment un consentement\u00a0;<\/li>\n<li>droit d\u2019opposition pour motif l\u00e9gitime au traitement de vos donn\u00e9es personnelles\u00a0;<\/li>\n<li>\u00e0 la limitation du traitement et \u00e0 la portabilit\u00e9 de vos donn\u00e9es\u00a0;<\/li>\n<li>d\u2019introduire une r\u00e9clamation aupr\u00e8s de la CNIL\u00a0;<\/li>\n<li>droit \u00e0 la portabilit\u00e9 des donn\u00e9es que les Utilisateurs auront fournies, lorsque ces donn\u00e9es font l\u2019objet de traitements automatis\u00e9s fond\u00e9s sur leur consentement ou sur un contrat\u00a0;<\/li>\n<li>droit de d\u00e9finir le sort des donn\u00e9es des Utilisateurs apr\u00e8s leur mort et de choisir \u00e0 qui WINGMIND devra communiquer (ou non) ses donn\u00e9es \u00e0 un tiers qu\u2019ils aura pr\u00e9alablement d\u00e9sign\u00e9\u00a0;<\/li>\n<\/ul>\n<p>Ces droits peuvent \u00eatre exerc\u00e9s en contactant la Soci\u00e9t\u00e9 \u00e0 l\u2019adresse suivante\u00a0: contact@wingmind.co<\/p>\n<h4><strong>Article 6\u00a0: Cookies<\/strong><\/h4>\n<p>En compl\u00e9ment des donn\u00e9es personnelles, la Soci\u00e9t\u00e9 utilise \u00e9galement des cookies et des balises web dans le cadre de la fourniture des Services propos\u00e9s sur le Site et plus g\u00e9n\u00e9ralement, de la connexion et de la consultation du Site.<\/p>\n<p>Les cookies sont des fichiers envoy\u00e9s vers le navigateur et enregistr\u00e9s sur le disque dur de l\u2019ordinateur.<\/p>\n<p>Les cookies utilis\u00e9s par la Soci\u00e9t\u00e9 enregistrent des informations relatives \u00e0 la navigation de l\u2019ordinateur sur le Site (pages consult\u00e9es, date et heure de la consultation, etc.), que le Site pourra lire \u00e0 l\u2019occasion des visites ult\u00e9rieures.<\/p>\n<p>Les informations recueillies ne permettent pas d\u2019identifier nominativement l\u2019Utilisateur.<\/p>\n<p>Ces cookies sont utilis\u00e9s par la Soci\u00e9t\u00e9 WINGMIND pour\u00a0:<\/p>\n<ul>\n<li>faciliter la navigation sur le Site en ce qu\u2019ils permettent d\u2019afficher les informations saisies dans le cadre de l\u2019utilisation d\u2019un Compte lors de sa derni\u00e8re connexion\u00a0;<\/li>\n<li>r\u00e9aliser des \u00e9tudes statistiques quant \u00e0 l\u2019utilisation de son Site (nombre de cessions, dur\u00e9e de connexion,\u2026) et de mesurer l\u2019audience du Site.<\/li>\n<\/ul>\n<p>Lors de votre premi\u00e8re connexion sur le site vous \u00eates inform\u00e9 par un bandeau que des informations relatives \u00e0 votre navigation sont susceptibles d\u2019\u00eatre enregistr\u00e9es dans des fichiers d\u00e9nomm\u00e9s \u00ab\u00a0COOKIES\u00a0\u00bb.<\/p>\n<p>L\u2019utilisation des cookies est tr\u00e8s fr\u00e9quente sur le r\u00e9seau Internet.<\/p>\n<p>N\u00e9anmoins, vous avez la possibilit\u00e9 de vous opposer \u00e0 tout moment \u00e0 leur utilisation en configurant les pr\u00e9f\u00e9rences du navigateur de l\u2019ordinateur de fa\u00e7on \u00e0 ne plus accepter les cookies.<\/p>\n<p>Toutefois, si vous refusez l\u2019utilisation ou d\u00e9sactivez les cookies, vous ne pourrez plus avoir la possibilit\u00e9 (i) d\u2019acc\u00e9der \u00e0 certaines parties du Site ou (ii) utiliser certains des Services.<\/p>\n<p>Le cas \u00e9ch\u00e9ant, WINGMIND d\u00e9cline toute responsabilit\u00e9 pour les cons\u00e9quences li\u00e9es au fonctionnement d\u00e9grad\u00e9 du Site et des services \u00e9ventuellement propos\u00e9s par WINGMIND, r\u00e9sultant (i) du refus de Cookies par l\u2019Utilisateur (ii) de l\u2019impossibilit\u00e9 pour WINGMIND d\u2019enregistrer ou de consulter les Cookies n\u00e9cessaires \u00e0 leur fonctionnement du fait du choix de l\u2019Utilisateur.<\/p>\n<p>Pour la gestion des Cookies et des choix de l\u2019Utilisateur, la configuration de chaque navigateur est diff\u00e9rente. Elle est d\u00e9crite dans le menu d\u2019aide du navigateur, qui permettra de savoir de quelle mani\u00e8re l\u2019Utilisateur peut modifier ses souhaits en mati\u00e8re de Cookies.<\/p>\n<p>\u00c0 tout moment, l\u2019Utilisateur peut faire le choix d\u2019exprimer et de modifier ses souhaits en mati\u00e8re de Cookies.<\/p>\n<p>Enfin, en cliquant sur les ic\u00f4nes d\u00e9di\u00e9es aux r\u00e9seaux sociaux Twitter, Facebook, Linkedin et Google Plus figurant sur le Site de WINGMIND ou dans son application mobile et si l\u2019Utilisateur a accept\u00e9 le d\u00e9p\u00f4t de cookies en poursuivant sa navigation sur le Site Internet ou l\u2019application mobile de WINGMIND, Twitter, Facebook, Linkedin et Google Plus peuvent \u00e9galement d\u00e9poser des cookies sur vos terminaux (ordinateur, tablette, t\u00e9l\u00e9phone portable).<\/p>\n<p>Ces types de cookies ne sont d\u00e9pos\u00e9s sur vos terminaux qu\u2019\u00e0 condition que vous y consentiez, en continuant votre navigation sur le Site.<\/p>\n<p>\u00c0 tout moment, l\u2019Utilisateur peut n\u00e9anmoins revenir sur son consentement \u00e0 ce que WINGMIND d\u00e9pose ce type de cookies.<\/p>\n<h4><strong>Article 7- Responsable du traitement<\/strong><\/h4>\n<p>Le responsable du traitement des Donn\u00e9es Personnelles est : David CHOURAQUI \/ contact@wingmind.co<\/p>\n<p>Qu\u2019elle soit responsable de traitement ou sous-traitant, WINGMIND prend les mesures propres \u00e0 assurer la protection et la confidentialit\u00e9 des informations nominatives qu\u2019elle d\u00e9tient ou qu\u2019elle traite dans le respect des dispositions de la LIL et du RGPD.<\/p>\n<h4><strong>Article 8- Modification de notre Politique de Confidentialit\u00e9<\/strong><\/h4>\n<p><strong>\u00a0<\/strong>La pr\u00e9sente politique de confidentialit\u00e9 pourra faire l\u2019objet de r\u00e9visions et de mises \u00e0 jour p\u00e9riodiques, notamment en raison de modifications de nature technique et\/ou aux fins de conformit\u00e9 avec la r\u00e9glementation en vigueur. Nous vous invitons donc \u00e0 en prendre connaissance r\u00e9guli\u00e8rement.<\/p>\n","protected":false},"excerpt":{"rendered":"<p>La pr\u00e9sente Politique de Confidentialit\u00e9 a pour objet de vous informer de mani\u00e8re compl\u00e8te et transparente sur l\u2019utilisation par la Soci\u00e9t\u00e9 WINGMIND (ci-apr\u00e8s la Soci\u00e9t\u00e9) de vos donn\u00e9es personnelles. Les donn\u00e9es personnelles que l\u2019Utilisateur peut \u00eatre amen\u00e9 \u00e0 communiquer \u00e0&#8230;<\/p>\n","protected":false},"author":1,"featured_media":0,"parent":0,"menu_order":0,"comment_status":"closed","ping_status":"closed","template":"","meta":{"passster_activate_protection":false,"passster_protect_child_pages":"","passster_protection_type":"password","passster_password":"","passster_activate_overwrite_defaults":"","passster_headline":"","passster_instruction":"","passster_placeholder":"","passster_button":"","passster_id":"","passster_activate_misc_settings":"","passster_redirect_url":"","passster_hide":"no","passster_area_shortcode":"","_exactmetrics_skip_tracking":false,"_exactmetrics_sitenote_active":false,"_exactmetrics_sitenote_note":"","_exactmetrics_sitenote_category":0,"footnotes":""},"class_list":["post-12170","page","type-page","status-publish","hentry"],"_links":{"self":[{"href":"https:\/\/www.wingmind.co\/fr\/wp-json\/wp\/v2\/pages\/12170","targetHints":{"allow":["GET"]}}],"collection":[{"href":"https:\/\/www.wingmind.co\/fr\/wp-json\/wp\/v2\/pages"}],"about":[{"href":"https:\/\/www.wingmind.co\/fr\/wp-json\/wp\/v2\/types\/page"}],"author":[{"embeddable":true,"href":"https:\/\/www.wingmind.co\/fr\/wp-json\/wp\/v2\/users\/1"}],"replies":[{"embeddable":true,"href":"https:\/\/www.wingmind.co\/fr\/wp-json\/wp\/v2\/comments?post=12170"}],"version-history":[{"count":0,"href":"https:\/\/www.wingmind.co\/fr\/wp-json\/wp\/v2\/pages\/12170\/revisions"}],"wp:attachment":[{"href":"https:\/\/www.wingmind.co\/fr\/wp-json\/wp\/v2\/media?parent=12170"}],"curies":[{"name":"wp","href":"https:\/\/api.w.org\/{rel}","templated":true}]}}