{"id":12146,"date":"2020-12-04T19:07:19","date_gmt":"2020-12-04T18:07:19","guid":{"rendered":"http:\/\/www.wingmind.co\/?page_id=12146"},"modified":"2020-12-04T19:07:19","modified_gmt":"2020-12-04T18:07:19","slug":"mentions-legales","status":"publish","type":"page","link":"https:\/\/www.wingmind.co\/fr\/mentions-legales\/","title":{"rendered":"Mentions L\u00e9gales"},"content":{"rendered":"<h4><b>\u00c9DITEUR<\/b><strong>\u00a0DU SITE<\/strong><\/h4>\n<p>Le site est \u00e9dit\u00e9 par la soci\u00e9t\u00e9 WINGMIND, Soci\u00e9t\u00e9 par actions simplifi\u00e9e \u00e0 associ\u00e9 unique, au capital de<em>\u00a020 000 euros<\/em>\u00a0enregistr\u00e9e au RCS de Paris sous le num\u00e9ro 524 718\u00a0210 dont le si\u00e8ge social est situ\u00e9 37 rue de Mathurins 75008 PARIS<\/p>\n<p>Contact\u00a0:\u00a0<a href=\"mailto:contact@wingmind.co\">contact@wingmind.co<\/a>\u00a0\/ Tel : 01 48 06 03 59<\/p>\n<h4><strong>DIRECTEUR DE LA PUBLICATION<\/strong><\/h4>\n<p>Le directeur de la publication est Monsieur David CHOURAQUI,\u00a0<a href=\"mailto:dchouraqui@wingmind.co\">dchouraqui@wingmind.co<\/a>\u00a0\/ Tel : 01 48 06 03 59<\/p>\n<h4><b>H\u00c9BERGEMENT<\/b><\/h4>\n<p>Le pr\u00e9sent site web est h\u00e9berg\u00e9 chez OVH.\u00a0SAS au capital de 10 000 000 \u20ac RCS Roubaix \u2013 Tourcoing 424 761 419 00045 Code APE 6202A \u2013 N\u00b0 TVA : FR 22 424 761 419 Si\u00e8ge social : 2 rue Kellermann 59100 Roubaix \u2013 France.<\/p>\n","protected":false},"excerpt":{"rendered":"<p>\u00c9DITEUR\u00a0DU SITE Le site est \u00e9dit\u00e9 par la soci\u00e9t\u00e9 WINGMIND, Soci\u00e9t\u00e9 par actions simplifi\u00e9e \u00e0 associ\u00e9 unique, au capital de\u00a020 000 euros\u00a0enregistr\u00e9e au RCS de Paris sous le num\u00e9ro 524 718\u00a0210 dont le si\u00e8ge social est situ\u00e9 37 rue de&#8230;<\/p>\n","protected":false},"author":1,"featured_media":0,"parent":0,"menu_order":0,"comment_status":"closed","ping_status":"closed","template":"","meta":{"passster_activate_protection":false,"passster_protect_child_pages":"","passster_protection_type":"password","passster_password":"","passster_activate_overwrite_defaults":"","passster_headline":"","passster_instruction":"","passster_placeholder":"","passster_button":"","passster_id":"","passster_activate_misc_settings":"","passster_redirect_url":"","passster_hide":"no","passster_area_shortcode":"","_exactmetrics_skip_tracking":false,"_exactmetrics_sitenote_active":false,"_exactmetrics_sitenote_note":"","_exactmetrics_sitenote_category":0,"footnotes":""},"class_list":["post-12146","page","type-page","status-publish","hentry"],"_links":{"self":[{"href":"https:\/\/www.wingmind.co\/fr\/wp-json\/wp\/v2\/pages\/12146","targetHints":{"allow":["GET"]}}],"collection":[{"href":"https:\/\/www.wingmind.co\/fr\/wp-json\/wp\/v2\/pages"}],"about":[{"href":"https:\/\/www.wingmind.co\/fr\/wp-json\/wp\/v2\/types\/page"}],"author":[{"embeddable":true,"href":"https:\/\/www.wingmind.co\/fr\/wp-json\/wp\/v2\/users\/1"}],"replies":[{"embeddable":true,"href":"https:\/\/www.wingmind.co\/fr\/wp-json\/wp\/v2\/comments?post=12146"}],"version-history":[{"count":0,"href":"https:\/\/www.wingmind.co\/fr\/wp-json\/wp\/v2\/pages\/12146\/revisions"}],"wp:attachment":[{"href":"https:\/\/www.wingmind.co\/fr\/wp-json\/wp\/v2\/media?parent=12146"}],"curies":[{"name":"wp","href":"https:\/\/api.w.org\/{rel}","templated":true}]}}